{"id":9587,"date":"2022-11-01T14:45:54","date_gmt":"2022-11-01T17:45:54","guid":{"rendered":"https:\/\/www.granpal.com.br\/site\/?page_id=9587"},"modified":"2025-06-27T19:06:16","modified_gmt":"2025-06-27T22:06:16","slug":"decretos-portarias-e-resolucoes-cm-granpal","status":"publish","type":"page","link":"https:\/\/www.granpal.com.br\/site\/decretos-portarias-e-resolucoes-cm-granpal\/","title":{"rendered":"Decretos, Portarias e Resolu\u00e7\u00f5es GRANPAL"},"content":{"rendered":"\t\t<div data-elementor-type=\"wp-page\" data-elementor-id=\"9587\" class=\"elementor elementor-9587\" data-elementor-post-type=\"page\">\n\t\t\t\t<div class=\"elementor-element elementor-element-8bedbb2 e-flex e-con-boxed wpr-particle-no wpr-jarallax-no wpr-parallax-no wpr-sticky-section-no e-con e-parent\" data-id=\"8bedbb2\" data-element_type=\"container\">\n\t\t\t\t\t<div class=\"e-con-inner\">\n\t\t\t\t<div class=\"elementor-element elementor-element-230c90e elementor-widget elementor-widget-spacer\" data-id=\"230c90e\" data-element_type=\"widget\" data-widget_type=\"spacer.default\">\n\t\t\t\t<div class=\"elementor-widget-container\">\n\t\t\t\t\t\t\t<div class=\"elementor-spacer\">\n\t\t\t<div class=\"elementor-spacer-inner\"><\/div>\n\t\t<\/div>\n\t\t\t\t\t\t<\/div>\n\t\t\t\t<\/div>\n\t\t\t\t\t<\/div>\n\t\t\t\t<\/div>\n\t\t<div class=\"elementor-element elementor-element-d5212a3 e-flex e-con-boxed wpr-particle-no wpr-jarallax-no wpr-parallax-no wpr-sticky-section-no e-con e-parent\" data-id=\"d5212a3\" data-element_type=\"container\">\n\t\t\t\t\t<div class=\"e-con-inner\">\n\t\t<div class=\"elementor-element elementor-element-3db54b1 e-con-full e-flex wpr-particle-no wpr-jarallax-no wpr-parallax-no wpr-sticky-section-no e-con e-child\" data-id=\"3db54b1\" data-element_type=\"container\">\n\t\t\t\t<div class=\"elementor-element elementor-element-8c6e857 elementor-widget elementor-widget-heading\" data-id=\"8c6e857\" data-element_type=\"widget\" data-widget_type=\"heading.default\">\n\t\t\t\t<div class=\"elementor-widget-container\">\n\t\t\t\t\t<h2 class=\"elementor-heading-title elementor-size-default\">Decretos GRANPAL:<\/h2>\t\t\t\t<\/div>\n\t\t\t\t<\/div>\n\t\t\t\t<div class=\"elementor-element elementor-element-952b504 elementor-widget elementor-widget-text-editor\" data-id=\"952b504\" data-element_type=\"widget\" data-widget_type=\"text-editor.default\">\n\t\t\t\t<div class=\"elementor-widget-container\">\n\t\t\t\t\t\t\t\t\t<p><strong>2019<\/strong><\/p><p><span style=\"color: #6bbc8b;\"><a style=\"color: #6bbc8b;\" href=\"http:\/\/granpal.com.br\/site\/wp-content\/uploads\/2019\/08\/Decreto-n\u00b0-1-2019.pdf\">Decreto n\u00b0 1-2019<\/a><\/span><\/p><p><span style=\"color: #6bbc8b;\"><a style=\"color: #6bbc8b;\" href=\"http:\/\/granpal.com.br\/site\/wp-content\/uploads\/2019\/08\/Decreto-n\u00b0-2-2019.pdf\">Decreto n\u00b0 2-2019<\/a><\/span><\/p><p><span style=\"color: #6bbc8b;\"><a style=\"color: #6bbc8b;\" href=\"http:\/\/granpal.com.br\/site\/wp-content\/uploads\/2019\/08\/Decreto-n\u00b0-3-2019.pdf\">Decreto n\u00b0 3-2019<\/a><\/span><\/p><p><strong>2018<\/strong><\/p><p><span style=\"color: #6bbc8b;\"><a style=\"color: #6bbc8b;\" href=\"http:\/\/granpal.com.br\/site\/wp-content\/uploads\/2019\/08\/Decreto-n\u00b0-1-2018.pdf\">Decreto n\u00b0 1-2018<\/a><\/span><\/p><p><span style=\"color: #6bbc8b;\"><a style=\"color: #6bbc8b;\" href=\"http:\/\/granpal.com.br\/site\/wp-content\/uploads\/2019\/08\/Decreto-n\u00b0-2-2018.pdf\">Decreto n\u00b0 2-2018<\/a><\/span><\/p><p><span style=\"color: #6bbc8b;\"><a style=\"color: #6bbc8b;\" href=\"http:\/\/granpal.com.br\/site\/wp-content\/uploads\/2019\/08\/Decreto-n\u00b0-9-2018.pdf\">Decreto n\u00b0 9-2018<\/a><\/span><\/p><p><strong>2017<\/strong><\/p><p><span style=\"color: #6bbc8b;\"><a style=\"color: #6bbc8b;\" href=\"http:\/\/granpal.com.br\/site\/wp-content\/uploads\/2019\/08\/Decreto-n\u00b0-1-2017.pdf\">Decreto n\u00b0 1-2017<\/a><\/span><\/p><p><span style=\"color: #6bbc8b;\"><a style=\"color: #6bbc8b;\" href=\"http:\/\/granpal.com.br\/site\/wp-content\/uploads\/2019\/08\/Decreto-n\u00b0-2-2017-2.pdf\">Decreto n\u00b0 2-2017 <\/a><\/span><\/p><p><span style=\"color: #6bbc8b;\"><a style=\"color: #6bbc8b;\" href=\"http:\/\/granpal.com.br\/site\/wp-content\/uploads\/2019\/08\/Decreto-n\u00b0-3-2017.pdf\">Decreto n\u00b0 3-2017<\/a><\/span><\/p><p><strong>2016<\/strong><\/p><p><span style=\"color: #6bbc8b;\"><a style=\"color: #6bbc8b;\" href=\"http:\/\/granpal.com.br\/site\/wp-content\/uploads\/2019\/08\/Decreto-n\u00b0-1-2016.pdf\">Decreto n\u00b0 1-2016<\/a><\/span><\/p><p><span style=\"color: #6bbc8b;\"><a style=\"color: #6bbc8b;\" href=\"http:\/\/granpal.com.br\/site\/wp-content\/uploads\/2019\/08\/Decreto-n\u00b0-2-2016.pdf\">Decreto n\u00b0 2-2016<\/a><\/span><\/p><p><span style=\"color: #6bbc8b;\"><a style=\"color: #6bbc8b;\" href=\"http:\/\/granpal.com.br\/site\/wp-content\/uploads\/2019\/08\/Decreto-n\u00b0-4-2016-2.pdf\">Decreto n\u00b0 4-2016 (2)<\/a><\/span><\/p><p><span style=\"color: #6bbc8b;\"><a style=\"color: #6bbc8b;\" href=\"http:\/\/granpal.com.br\/site\/wp-content\/uploads\/2019\/08\/Decreto-n\u00b0-4-2016.pdf\">Decreto n\u00b0 4-2016<\/a><\/span><\/p><p><span style=\"color: #6bbc8b;\"><a style=\"color: #6bbc8b;\" href=\"http:\/\/granpal.com.br\/site\/wp-content\/uploads\/2019\/08\/Decreto-n\u00b0-5-2016.pdf\">Decreto n\u00b0 5-2016<\/a><\/span><\/p><p><span style=\"color: #6bbc8b;\"><a style=\"color: #6bbc8b;\" href=\"http:\/\/granpal.com.br\/site\/wp-content\/uploads\/2019\/08\/Decreto-n\u00b0-6-2016.pdf\">Decreto n\u00b0 6-2016<\/a><\/span><\/p><p><span style=\"color: #6bbc8b;\"><a style=\"color: #6bbc8b;\" href=\"http:\/\/granpal.com.br\/site\/wp-content\/uploads\/2019\/08\/Decreto-n\u00b0-7-2016.pdf\">Decreto n\u00b0 7-2016<\/a><\/span><\/p><p><span style=\"color: #6bbc8b;\"><a style=\"color: #6bbc8b;\" href=\"http:\/\/granpal.com.br\/site\/wp-content\/uploads\/2019\/08\/Decreto-n\u00b0-8-2016.pdf\">Decreto n\u00b0 8-2016<\/a><\/span><\/p><p><span style=\"color: #6bbc8b;\"><a style=\"color: #6bbc8b;\" href=\"http:\/\/granpal.com.br\/site\/wp-content\/uploads\/2019\/08\/Decreto-n\u00b0-9-2016.pdf\">Decreto n\u00b0 9-2016<\/a><\/span><\/p>\t\t\t\t\t\t\t\t<\/div>\n\t\t\t\t<\/div>\n\t\t\t\t<\/div>\n\t\t<div class=\"elementor-element elementor-element-d7ccc29 e-con-full e-flex wpr-particle-no wpr-jarallax-no wpr-parallax-no wpr-sticky-section-no e-con e-child\" data-id=\"d7ccc29\" data-element_type=\"container\">\n\t\t\t\t<div class=\"elementor-element elementor-element-cac3008 elementor-widget elementor-widget-heading\" data-id=\"cac3008\" data-element_type=\"widget\" data-widget_type=\"heading.default\">\n\t\t\t\t<div class=\"elementor-widget-container\">\n\t\t\t\t\t<h2 class=\"elementor-heading-title elementor-size-default\">Resolu\u00e7\u00f5es GRANPAL:<\/h2>\t\t\t\t<\/div>\n\t\t\t\t<\/div>\n\t\t\t\t<div class=\"elementor-element elementor-element-b8a3992 elementor-widget elementor-widget-text-editor\" data-id=\"b8a3992\" data-element_type=\"widget\" data-widget_type=\"text-editor.default\">\n\t\t\t\t<div class=\"elementor-widget-container\">\n\t\t\t\t\t\t\t\t\t<p><strong>2016<\/strong><\/p><p><span style=\"color: #6bbc8b;\"><a style=\"color: #6bbc8b;\" href=\"http:\/\/granpal.com.br\/site\/wp-content\/uploads\/2019\/08\/Resolu\u00e7\u00e3o-01.2016-escaneada-Reequil\u00edbrio-Econ\u00f4mico-Financeiro.pdf\">Resolu\u00e7\u00e3o 01.2016 escaneada Reequil\u00edbrio Econ\u00f4mico Financeiro<\/a><\/span><\/p><p><span style=\"color: #6bbc8b;\"><a style=\"color: #6bbc8b;\" href=\"http:\/\/granpal.com.br\/site\/wp-content\/uploads\/2019\/08\/Resolu\u00e7\u00e3o-02.2016-Cria-o-Quadro-de-Pessoal.pdf\">Resolu\u00e7\u00e3o 02.2016 &#8211; Cria o Quadro de Pessoal<\/a><\/span><\/p><p><span style=\"color: #6bbc8b;\"><a style=\"color: #6bbc8b;\" href=\"http:\/\/granpal.com.br\/site\/wp-content\/uploads\/2019\/08\/resolu\u00e7\u00e3o-03-PP-e-PE.pdf\">resolu\u00e7\u00e3o 03 &#8211; PP e PE<\/a><\/span><\/p><p><span style=\"color: #6bbc8b;\"><a style=\"color: #6bbc8b;\" href=\"http:\/\/granpal.com.br\/site\/wp-content\/uploads\/2019\/08\/Resolu\u00e7\u00e3o-04-SRP.pdf\">Resolu\u00e7\u00e3o 04 &#8211; SRP<\/a><\/span><\/p><p><span style=\"color: #000000;\"><strong>2017<\/strong><\/span><\/p><p><span style=\"color: #6bbc8b;\"><a style=\"color: #6bbc8b;\" href=\"http:\/\/granpal.com.br\/site\/wp-content\/uploads\/2019\/08\/Resolucao-5-2017-DOM-Famurs.pdf\">Resolucao 5-2017 DOM Famurs<\/a><\/span><\/p><p><span style=\"color: #6bbc8b;\"><a style=\"color: #6bbc8b;\" href=\"http:\/\/granpal.com.br\/site\/wp-content\/uploads\/2019\/08\/Resolucao-06-2017-OR\u00c7AMENTO-GRANPAL-2017.pdf\">Resolucao 06-2017 &#8211; OR\u00c7AMENTO GRANPAL 2017<\/a><\/span><\/p><p><span style=\"color: #6bbc8b;\"><a style=\"color: #6bbc8b;\" href=\"http:\/\/granpal.com.br\/site\/wp-content\/uploads\/2019\/08\/Resolucao-07-2017-Prazos-or\u00e7amentarios.pdf\">Resolucao 07-2017 &#8211; Prazos or\u00e7amentarios<\/a><\/span><\/p><p><strong>2018<\/strong><\/p><p><a href=\"http:\/\/granpal.com.br\/site\/wp-content\/uploads\/2019\/08\/RESOLU\u00c7\u00c3O-1-2018-DOM.pdf\"><span style=\"color: #6bbc8b;\">RESOLU\u00c7\u00c3O 1-2018 &#8211; DOM<\/span><\/a><\/p><p><span style=\"color: #6bbc8b;\"><a style=\"color: #6bbc8b;\" href=\"http:\/\/granpal.com.br\/site\/wp-content\/uploads\/2019\/08\/Resolu\u00e7\u00e3o-03-2018-reajuste.pdf\">Resolu\u00e7\u00e3o 03-2018 &#8211; reajuste<\/a><\/span><\/p><p><span style=\"color: #6bbc8b;\"><a style=\"color: #6bbc8b;\" href=\"http:\/\/granpal.com.br\/site\/wp-content\/uploads\/2019\/08\/Resolu\u00e7\u00e3o-04-2018-mensalidades.pdf\">Resolu\u00e7\u00e3o 04-2018 &#8211; mensalidades<\/a><\/span><\/p><p><span style=\"color: #6bbc8b;\"><a style=\"color: #6bbc8b;\" href=\"http:\/\/granpal.com.br\/site\/wp-content\/uploads\/2019\/08\/Resolu\u00e7\u00e3o-05-2018-reajuste-bolsa-est\u00e1gio.pdf\">Resolu\u00e7\u00e3o 05-2018 &#8211; reajuste bolsa est\u00e1gio<\/a><\/span><\/p><p><span style=\"color: #6bbc8b;\"><a style=\"color: #6bbc8b;\" href=\"http:\/\/granpal.com.br\/site\/wp-content\/uploads\/2019\/08\/Resolu\u00e7\u00e3o-06-2018-abre-cr\u00e9dito-especial-ressarcimento.pdf\">Resolu\u00e7\u00e3o 06-2018 &#8211; abre cr\u00e9dito especial &#8211; ressarcimento<\/a><\/span><\/p><p><span style=\"color: #6bbc8b;\"><a style=\"color: #6bbc8b;\" href=\"http:\/\/granpal.com.br\/site\/wp-content\/uploads\/2019\/08\/Resolu\u00e7\u00e3o-07-2018-altera-comiss\u00e3o-pregoeiro.pdf\">Resolu\u00e7\u00e3o 07-2018 &#8211; altera comiss\u00e3o pregoeiro<\/a><\/span><\/p><p><span style=\"color: #6bbc8b;\"><a style=\"color: #6bbc8b;\" href=\"http:\/\/granpal.com.br\/site\/wp-content\/uploads\/2019\/08\/Resolu\u00e7\u00e3o-08-2018-cria-cr\u00e9dito-adicional.pdf\">Resolu\u00e7\u00e3o 08-2018 &#8211; cria cr\u00e9dito adicional<\/a><\/span><\/p><p><span style=\"color: #6bbc8b;\"><a style=\"color: #6bbc8b;\" href=\"http:\/\/granpal.com.br\/site\/wp-content\/uploads\/2019\/08\/Resolu\u00e7\u00e3o-09-2018-altera-sistema-de-registro-de-pre\u00e7os.pdf\">Resolu\u00e7\u00e3o 09-2018 &#8211; altera sistema de registro de pre\u00e7os<\/a><\/span><\/p><p><span style=\"color: #6bbc8b;\"><a style=\"color: #6bbc8b;\" href=\"http:\/\/granpal.com.br\/site\/wp-content\/uploads\/2019\/08\/Resolu\u00e7\u00e3o-10-2018-diretrizes-or\u00e7ament\u00e1rias.pdf\">Resolu\u00e7\u00e3o 10-2018 &#8211; diretrizes or\u00e7ament\u00e1rias<\/a><\/span><\/p><p><span style=\"color: #6bbc8b;\"><a style=\"color: #6bbc8b;\" href=\"http:\/\/granpal.com.br\/site\/wp-content\/uploads\/2019\/08\/Resolu\u00e7\u00e3o-11-2018-or\u00e7amento-anual-GRANPAL-2019-PUBLICA\u00c7\u00c3O.pdf\">Resolu\u00e7\u00e3o 11-2018 &#8211; or\u00e7amento anual GRANPAL 2019 &#8211; PUBLICA\u00c7\u00c3O<\/a><\/span><\/p><p><strong>2019<\/strong><\/p><p><a href=\"http:\/\/granpal.com.br\/site\/wp-content\/uploads\/2019\/08\/Resolu\u00e7\u00e3o-01-2019-Parcelamento-da-divida-do-CIGA.pdf\"><span style=\"color: #6bbc8b;\">Resolu\u00e7\u00e3o 01-2019 &#8211; Parcelamento da divida do CIGA<\/span><\/a><\/p><p><a href=\"http:\/\/granpal.com.br\/site\/wp-content\/uploads\/2019\/08\/Resolu\u00e7\u00e3o-02-2019-hora-extra.pdf\"><span style=\"color: #6bbc8b;\">Resolu\u00e7\u00e3o 02-2019 &#8211; hora extra<\/span><\/a><\/p>\t\t\t\t\t\t\t\t<\/div>\n\t\t\t\t<\/div>\n\t\t\t\t<\/div>\n\t\t\t\t\t<\/div>\n\t\t\t\t<\/div>\n\t\t<div class=\"elementor-element elementor-element-25477795 e-flex e-con-boxed wpr-particle-no wpr-jarallax-no wpr-parallax-no wpr-sticky-section-no e-con e-parent\" data-id=\"25477795\" data-element_type=\"container\">\n\t\t\t\t\t<div class=\"e-con-inner\">\n\t\t\t\t\t<\/div>\n\t\t\t\t<\/div>\n\t\t\t\t<\/div>\n\t\t","protected":false},"excerpt":{"rendered":"<p>Decretos GRANPAL: 2019 Decreto n\u00b0 1-2019 Decreto n\u00b0 2-2019 Decreto n\u00b0 3-2019 2018 Decreto n\u00b0 1-2018 Decreto n\u00b0 2-2018 Decreto n\u00b0 9-2018 2017 Decreto n\u00b0 1-2017 Decreto n\u00b0 2-2017 Decreto n\u00b0 3-2017 2016 Decreto n\u00b0 1-2016 Decreto n\u00b0 2-2016 Decreto n\u00b0 4-2016 (2) Decreto n\u00b0 4-2016 Decreto n\u00b0 5-2016 Decreto n\u00b0 6-2016 Decreto n\u00b0 7-2016 Decreto n\u00b0 8-2016 Decreto n\u00b0 9-2016 Resolu\u00e7\u00f5es GRANPAL: 2016 Resolu\u00e7\u00e3o 01.2016 escaneada Reequil\u00edbrio Econ\u00f4mico Financeiro Resolu\u00e7\u00e3o 02.2016 &#8211; Cria o Quadro de Pessoal resolu\u00e7\u00e3o 03 &#8211; PP e PE Resolu\u00e7\u00e3o 04 &#8211; SRP 2017 Resolucao 5-2017 DOM Famurs Resolucao 06-2017 &#8211; OR\u00c7AMENTO GRANPAL 2017 Resolucao 07-2017 &#8211; Prazos or\u00e7amentarios 2018 RESOLU\u00c7\u00c3O 1-2018 &#8211; DOM Resolu\u00e7\u00e3o 03-2018 &#8211; reajuste Resolu\u00e7\u00e3o 04-2018 &#8211; mensalidades Resolu\u00e7\u00e3o 05-2018 &#8211; reajuste bolsa est\u00e1gio Resolu\u00e7\u00e3o 06-2018 &#8211; abre cr\u00e9dito especial &#8211; ressarcimento Resolu\u00e7\u00e3o 07-2018 &#8211; altera comiss\u00e3o pregoeiro Resolu\u00e7\u00e3o 08-2018 &#8211; cria cr\u00e9dito adicional Resolu\u00e7\u00e3o 09-2018 &#8211; altera sistema de registro de pre\u00e7os Resolu\u00e7\u00e3o 10-2018 &#8211; diretrizes or\u00e7ament\u00e1rias Resolu\u00e7\u00e3o 11-2018 &#8211; or\u00e7amento anual GRANPAL 2019 &#8211; PUBLICA\u00c7\u00c3O 2019 Resolu\u00e7\u00e3o 01-2019 &#8211; Parcelamento da divida do CIGA Resolu\u00e7\u00e3o 02-2019 &#8211; hora extra<\/p>\n","protected":false},"author":1,"featured_media":0,"parent":0,"menu_order":0,"comment_status":"closed","ping_status":"closed","template":"","meta":{"footnotes":""},"class_list":["post-9587","page","type-page","status-publish","hentry"],"_links":{"self":[{"href":"https:\/\/www.granpal.com.br\/site\/wp-json\/wp\/v2\/pages\/9587","targetHints":{"allow":["GET"]}}],"collection":[{"href":"https:\/\/www.granpal.com.br\/site\/wp-json\/wp\/v2\/pages"}],"about":[{"href":"https:\/\/www.granpal.com.br\/site\/wp-json\/wp\/v2\/types\/page"}],"author":[{"embeddable":true,"href":"https:\/\/www.granpal.com.br\/site\/wp-json\/wp\/v2\/users\/1"}],"replies":[{"embeddable":true,"href":"https:\/\/www.granpal.com.br\/site\/wp-json\/wp\/v2\/comments?post=9587"}],"version-history":[{"count":8,"href":"https:\/\/www.granpal.com.br\/site\/wp-json\/wp\/v2\/pages\/9587\/revisions"}],"predecessor-version":[{"id":10778,"href":"https:\/\/www.granpal.com.br\/site\/wp-json\/wp\/v2\/pages\/9587\/revisions\/10778"}],"wp:attachment":[{"href":"https:\/\/www.granpal.com.br\/site\/wp-json\/wp\/v2\/media?parent=9587"}],"curies":[{"name":"wp","href":"https:\/\/api.w.org\/{rel}","templated":true}]}}